{"id":1653,"date":"2020-12-01T15:59:01","date_gmt":"2020-12-01T14:59:01","guid":{"rendered":"https:\/\/adiosconamor.com\/afscheid\/"},"modified":"2025-11-28T08:22:58","modified_gmt":"2025-11-28T07:22:58","slug":"la-despedida","status":"publish","type":"page","link":"https:\/\/adiosconamor.old.sebitec.net\/es\/","title":{"rendered":"La despedida"},"content":{"rendered":"\t\t<div data-elementor-type=\"wp-page\" data-elementor-id=\"1653\" class=\"elementor elementor-1653 elementor-22\" data-elementor-post-type=\"page\">\n\t\t\t\t\t\t<section class=\"elementor-section elementor-top-section elementor-element elementor-element-dc5f838 elementor-reverse-tablet elementor-reverse-mobile elementor-section-height-min-height elementor-section-boxed elementor-section-height-default elementor-section-items-middle wpr-particle-no wpr-jarallax-no wpr-parallax-no wpr-sticky-section-no\" data-id=\"dc5f838\" data-element_type=\"section\" data-settings=\"{&quot;background_background&quot;:&quot;video&quot;,&quot;background_video_link&quot;:&quot;https:\\\/\\\/adiosconamor.com\\\/wp-content\\\/uploads\\\/2023\\\/04\\\/ADIOSCONAMOR-FIN.mp4&quot;,&quot;background_video_start&quot;:0,&quot;background_play_on_mobile&quot;:&quot;yes&quot;}\">\n\t\t\t\t\t\t\t\t<div class=\"elementor-background-video-container\" aria-hidden=\"true\">\n\t\t\t\t\t\t\t\t\t\t\t\t\t<video class=\"elementor-background-video-hosted\" autoplay muted playsinline loop><\/video>\n\t\t\t\t\t\t\t\t\t\t\t<\/div>\n\t\t\t\t\t\t\t\t\t<div class=\"elementor-background-overlay\"><\/div>\n\t\t\t\t\t\t\t<div class=\"elementor-container elementor-column-gap-default\">\n\t\t\t\t\t<div class=\"elementor-column elementor-col-50 elementor-top-column elementor-element elementor-element-38d917d elementor-invisible\" data-id=\"38d917d\" data-element_type=\"column\" data-settings=\"{&quot;animation&quot;:&quot;fadeInUp&quot;}\">\n\t\t\t<div class=\"elementor-widget-wrap elementor-element-populated\">\n\t\t\t\t\t\t<div class=\"elementor-element elementor-element-f7e4ae2 elementor-widget elementor-widget-heading\" data-id=\"f7e4ae2\" data-element_type=\"widget\" data-widget_type=\"heading.default\">\n\t\t\t\t<div class=\"elementor-widget-container\">\n\t\t\t\t\t<h2 class=\"elementor-heading-title elementor-size-default\">Adi\u00f3s con Amor<\/h2>\t\t\t\t<\/div>\n\t\t\t\t<\/div>\n\t\t\t\t<div class=\"elementor-element elementor-element-134641b elementor-widget__width-initial elementor-widget-mobile__width-inherit elementor-widget elementor-widget-heading\" data-id=\"134641b\" data-element_type=\"widget\" data-widget_type=\"heading.default\">\n\t\t\t\t<div class=\"elementor-widget-container\">\n\t\t\t\t\t<h1 class=\"elementor-heading-title elementor-size-default\">Despedirse desde el coraz\u00f3n<\/h1>\t\t\t\t<\/div>\n\t\t\t\t<\/div>\n\t\t\t\t<div class=\"elementor-element elementor-element-8102f0c elementor-widget elementor-widget-text-editor\" data-id=\"8102f0c\" data-element_type=\"widget\" data-widget_type=\"text-editor.default\">\n\t\t\t\t<div class=\"elementor-widget-container\">\n\t\t\t\t\t\t\t\t\t<p>La forma de despedirte de tu ser querido en el momento de fallecer y c\u00f3mo vivir el funeral lo es todo para procesar la p\u00e9rdida.<\/p><p>Con empat\u00eda y calidez te guiar\u00e9 hasta que la despedida y la ceremonia sean totalmente a tu gusto y honrando a tu ser querido. Te estimulo en que hagas todo lo posible, desde tu coraz\u00f3n, y estando a tu lado te ofrezco ideas si lo necesites.<\/p>\t\t\t\t\t\t\t\t<\/div>\n\t\t\t\t<\/div>\n\t\t\t\t<div class=\"elementor-element elementor-element-e66ec8e elementor-tablet-align-center elementor-widget elementor-widget-button\" data-id=\"e66ec8e\" data-element_type=\"widget\" data-widget_type=\"button.default\">\n\t\t\t\t<div class=\"elementor-widget-container\">\n\t\t\t\t\t\t\t\t\t<div class=\"elementor-button-wrapper\">\n\t\t\t\t\t<a class=\"elementor-button elementor-button-link elementor-size-sm\" href=\"#sobre-mi\">\n\t\t\t\t\t\t<span class=\"elementor-button-content-wrapper\">\n\t\t\t\t\t\t\t\t\t<span class=\"elementor-button-text\">Sobre m\u00ed<\/span>\n\t\t\t\t\t<\/span>\n\t\t\t\t\t<\/a>\n\t\t\t\t<\/div>\n\t\t\t\t\t\t\t\t<\/div>\n\t\t\t\t<\/div>\n\t\t\t\t\t<\/div>\n\t\t<\/div>\n\t\t\t\t<div class=\"elementor-column elementor-col-50 elementor-top-column elementor-element elementor-element-626e640\" data-id=\"626e640\" data-element_type=\"column\">\n\t\t\t<div class=\"elementor-widget-wrap\">\n\t\t\t\t\t\t\t<\/div>\n\t\t<\/div>\n\t\t\t\t\t<\/div>\n\t\t<\/section>\n\t\t\t\t<section class=\"elementor-section elementor-top-section elementor-element elementor-element-381471c5 elementor-section-boxed elementor-section-height-default elementor-section-height-default wpr-particle-no wpr-jarallax-no wpr-parallax-no wpr-sticky-section-no\" data-id=\"381471c5\" data-element_type=\"section\">\n\t\t\t\t\t\t<div class=\"elementor-container elementor-column-gap-default\">\n\t\t\t\t\t<div class=\"elementor-column elementor-col-50 elementor-top-column elementor-element elementor-element-32593afa elementor-invisible\" data-id=\"32593afa\" data-element_type=\"column\" data-settings=\"{&quot;animation&quot;:&quot;fadeInUp&quot;}\">\n\t\t\t<div class=\"elementor-widget-wrap elementor-element-populated\">\n\t\t\t\t\t\t<section class=\"elementor-section elementor-inner-section elementor-element elementor-element-7c080958 elementor-section-boxed elementor-section-height-default elementor-section-height-default wpr-particle-no wpr-jarallax-no wpr-parallax-no wpr-sticky-section-no\" data-id=\"7c080958\" data-element_type=\"section\">\n\t\t\t\t\t\t<div class=\"elementor-container elementor-column-gap-default\">\n\t\t\t\t\t<div class=\"elementor-column elementor-col-100 elementor-inner-column elementor-element elementor-element-7c6ed318\" data-id=\"7c6ed318\" data-element_type=\"column\" data-settings=\"{&quot;background_background&quot;:&quot;classic&quot;}\">\n\t\t\t<div class=\"elementor-widget-wrap elementor-element-populated\">\n\t\t\t\t\t\t<div class=\"elementor-element elementor-element-9ac5610 elementor-widget elementor-widget-heading\" data-id=\"9ac5610\" data-element_type=\"widget\" data-widget_type=\"heading.default\">\n\t\t\t\t<div class=\"elementor-widget-container\">\n\t\t\t\t\t<h2 class=\"elementor-heading-title elementor-size-default\">La Despedida<\/h2>\t\t\t\t<\/div>\n\t\t\t\t<\/div>\n\t\t\t\t<div class=\"elementor-element elementor-element-11c125b2 elementor-widget elementor-widget-text-editor\" data-id=\"11c125b2\" data-element_type=\"widget\" data-widget_type=\"text-editor.default\">\n\t\t\t\t<div class=\"elementor-widget-container\">\n\t\t\t\t\t\t\t\t\t<p>Mientras escucho atentamente tus historias y recuerdos, observo lo no dicho y juntos vamos creando una ceremonia \u00fanica totalmente a medida.<\/p><p>Si te atreves a elegir un nuevo camino, hay muchas m\u00e1s posibilidades de lo que crees. Te acompa\u00f1ar\u00e9 en esto y te mostrar\u00e9 que un adi\u00f3s puede ser muy c\u00e1lido, dejando un recuerdo memorable. El entierro\/la incineraci\u00f3n puede tener lugar a partir de 24 horas tras el fallecimiento y hasta el quinto d\u00eda.<\/p><p>Si te gusta mi enfoque, y quieres hablar de tus deseos, concertamos una visita a domicilio y hablamos.<\/p>\t\t\t\t\t\t\t\t<\/div>\n\t\t\t\t<\/div>\n\t\t\t\t<div class=\"elementor-element elementor-element-5a3241b elementor-align-justify elementor-widget elementor-widget-button\" data-id=\"5a3241b\" data-element_type=\"widget\" data-widget_type=\"button.default\">\n\t\t\t\t<div class=\"elementor-widget-container\">\n\t\t\t\t\t\t\t\t\t<div class=\"elementor-button-wrapper\">\n\t\t\t\t\t<a class=\"elementor-button elementor-button-link elementor-size-sm\" href=\"https:\/\/adiosconamor.old.sebitec.net\/es\/contacto\/\">\n\t\t\t\t\t\t<span class=\"elementor-button-content-wrapper\">\n\t\t\t\t\t\t\t\t\t<span class=\"elementor-button-text\">Contacto<\/span>\n\t\t\t\t\t<\/span>\n\t\t\t\t\t<\/a>\n\t\t\t\t<\/div>\n\t\t\t\t\t\t\t\t<\/div>\n\t\t\t\t<\/div>\n\t\t\t\t\t<\/div>\n\t\t<\/div>\n\t\t\t\t\t<\/div>\n\t\t<\/section>\n\t\t\t\t\t<\/div>\n\t\t<\/div>\n\t\t\t\t<div class=\"elementor-column elementor-col-50 elementor-top-column elementor-element elementor-element-5f3dd6d7 elementor-invisible\" data-id=\"5f3dd6d7\" data-element_type=\"column\" data-settings=\"{&quot;animation&quot;:&quot;fadeInRight&quot;}\">\n\t\t\t<div class=\"elementor-widget-wrap elementor-element-populated\">\n\t\t\t\t\t\t<div class=\"elementor-element elementor-element-1cc08ab9 elementor-widget__width-initial elementor-absolute elementor-widget-tablet__width-initial elementor-widget-mobile__width-initial elementor-widget elementor-widget-image\" data-id=\"1cc08ab9\" data-element_type=\"widget\" data-settings=\"{&quot;_position&quot;:&quot;absolute&quot;}\" data-widget_type=\"image.default\">\n\t\t\t\t<div class=\"elementor-widget-container\">\n\t\t\t\t\t\t\t\t\t\t\t\t\t\t\t<img fetchpriority=\"high\" decoding=\"async\" width=\"2000\" height=\"1286\" src=\"https:\/\/adiosconamor.com\/wp-content\/uploads\/2023\/02\/burning-candles-with-retro-cane-hearts.jpg\" class=\"attachment-full size-full wp-image-714\" alt=\"Burning candles with retro cane hearts\" srcset=\"https:\/\/adiosconamor.com\/wp-content\/uploads\/2023\/02\/burning-candles-with-retro-cane-hearts.jpg 2000w, https:\/\/adiosconamor.com\/wp-content\/uploads\/2023\/02\/burning-candles-with-retro-cane-hearts-300x193.jpg 300w, https:\/\/adiosconamor.com\/wp-content\/uploads\/2023\/02\/burning-candles-with-retro-cane-hearts-1024x658.jpg 1024w, https:\/\/adiosconamor.com\/wp-content\/uploads\/2023\/02\/burning-candles-with-retro-cane-hearts-768x494.jpg 768w, https:\/\/adiosconamor.com\/wp-content\/uploads\/2023\/02\/burning-candles-with-retro-cane-hearts-1536x988.jpg 1536w, https:\/\/adiosconamor.com\/wp-content\/uploads\/2023\/02\/burning-candles-with-retro-cane-hearts-1200x772.jpg 1200w, https:\/\/adiosconamor.com\/wp-content\/uploads\/2023\/02\/burning-candles-with-retro-cane-hearts-1980x1273.jpg 1980w\" sizes=\"(max-width: 2000px) 100vw, 2000px\" \/>\t\t\t\t\t\t\t\t\t\t\t\t\t\t\t<\/div>\n\t\t\t\t<\/div>\n\t\t\t\t<div class=\"elementor-element elementor-element-3cd248c elementor-widget__width-initial elementor-absolute elementor-widget-mobile__width-initial elementor-hidden-phone elementor-widget elementor-widget-image\" data-id=\"3cd248c\" data-element_type=\"widget\" data-settings=\"{&quot;_position&quot;:&quot;absolute&quot;}\" data-widget_type=\"image.default\">\n\t\t\t\t<div class=\"elementor-widget-container\">\n\t\t\t\t\t\t\t\t\t\t\t\t\t\t\t<img decoding=\"async\" width=\"800\" height=\"340\" src=\"https:\/\/adiosconamor.com\/wp-content\/uploads\/2023\/02\/flor-azul.jpg\" class=\"attachment-full size-full wp-image-715\" alt=\"\" srcset=\"https:\/\/adiosconamor.com\/wp-content\/uploads\/2023\/02\/flor-azul.jpg 800w, https:\/\/adiosconamor.com\/wp-content\/uploads\/2023\/02\/flor-azul-300x128.jpg 300w, https:\/\/adiosconamor.com\/wp-content\/uploads\/2023\/02\/flor-azul-768x326.jpg 768w\" sizes=\"(max-width: 800px) 100vw, 800px\" \/>\t\t\t\t\t\t\t\t\t\t\t\t\t\t\t<\/div>\n\t\t\t\t<\/div>\n\t\t\t\t<div class=\"elementor-element elementor-element-4b8e8db8 elementor-widget__width-initial elementor-absolute elementor-widget-mobile__width-initial elementor-hidden-tablet elementor-hidden-mobile elementor-widget elementor-widget-image\" data-id=\"4b8e8db8\" data-element_type=\"widget\" data-settings=\"{&quot;_position&quot;:&quot;absolute&quot;}\" data-widget_type=\"image.default\">\n\t\t\t\t<div class=\"elementor-widget-container\">\n\t\t\t\t\t\t\t\t\t\t\t\t\t\t\t<img decoding=\"async\" width=\"405\" height=\"444\" src=\"https:\/\/adiosconamor.com\/wp-content\/uploads\/2025\/05\/jet-2024-1-copia.jpeg\" class=\"attachment-full size-full wp-image-2510\" alt=\"\" srcset=\"https:\/\/adiosconamor.com\/wp-content\/uploads\/2025\/05\/jet-2024-1-copia.jpeg 405w, https:\/\/adiosconamor.com\/wp-content\/uploads\/2025\/05\/jet-2024-1-copia-274x300.jpeg 274w\" sizes=\"(max-width: 405px) 100vw, 405px\" \/>\t\t\t\t\t\t\t\t\t\t\t\t\t\t\t<\/div>\n\t\t\t\t<\/div>\n\t\t\t\t\t<\/div>\n\t\t<\/div>\n\t\t\t\t\t<\/div>\n\t\t<\/section>\n\t\t\t\t<section class=\"elementor-section elementor-top-section elementor-element elementor-element-2bd24e22 elementor-reverse-tablet elementor-reverse-mobile elementor-section-boxed elementor-section-height-default elementor-section-height-default wpr-particle-no wpr-jarallax-no wpr-parallax-no wpr-sticky-section-no\" data-id=\"2bd24e22\" data-element_type=\"section\" id=\"sobre-mi\" data-settings=\"{&quot;background_background&quot;:&quot;classic&quot;}\">\n\t\t\t\t\t\t<div class=\"elementor-container elementor-column-gap-default\">\n\t\t\t\t\t<div class=\"elementor-column elementor-col-50 elementor-top-column elementor-element elementor-element-9dd70d1 elementor-invisible\" data-id=\"9dd70d1\" data-element_type=\"column\" data-settings=\"{&quot;animation&quot;:&quot;fadeInUp&quot;}\">\n\t\t\t<div class=\"elementor-widget-wrap elementor-element-populated\">\n\t\t\t\t\t\t<section class=\"elementor-section elementor-inner-section elementor-element elementor-element-739479e3 elementor-section-boxed elementor-section-height-default elementor-section-height-default wpr-particle-no wpr-jarallax-no wpr-parallax-no wpr-sticky-section-no\" data-id=\"739479e3\" data-element_type=\"section\" data-settings=\"{&quot;background_background&quot;:&quot;classic&quot;}\">\n\t\t\t\t\t\t<div class=\"elementor-container elementor-column-gap-no\">\n\t\t\t\t\t<div class=\"elementor-column elementor-col-50 elementor-inner-column elementor-element elementor-element-1538aa45\" data-id=\"1538aa45\" data-element_type=\"column\" data-settings=\"{&quot;background_background&quot;:&quot;classic&quot;}\">\n\t\t\t<div class=\"elementor-widget-wrap elementor-element-populated\">\n\t\t\t\t\t\t<div class=\"elementor-element elementor-element-45d0eca0 elementor-widget elementor-widget-spacer\" data-id=\"45d0eca0\" data-element_type=\"widget\" data-widget_type=\"spacer.default\">\n\t\t\t\t<div class=\"elementor-widget-container\">\n\t\t\t\t\t\t\t<div class=\"elementor-spacer\">\n\t\t\t<div class=\"elementor-spacer-inner\"><\/div>\n\t\t<\/div>\n\t\t\t\t\t\t<\/div>\n\t\t\t\t<\/div>\n\t\t\t\t\t<\/div>\n\t\t<\/div>\n\t\t\t\t<div class=\"elementor-column elementor-col-50 elementor-inner-column elementor-element elementor-element-2d5bb3c7\" data-id=\"2d5bb3c7\" data-element_type=\"column\">\n\t\t\t<div class=\"elementor-widget-wrap\">\n\t\t\t\t\t\t\t<\/div>\n\t\t<\/div>\n\t\t\t\t\t<\/div>\n\t\t<\/section>\n\t\t\t\t<section class=\"elementor-section elementor-inner-section elementor-element elementor-element-33073564 elementor-section-boxed elementor-section-height-default elementor-section-height-default wpr-particle-no wpr-jarallax-no wpr-parallax-no wpr-sticky-section-no\" data-id=\"33073564\" data-element_type=\"section\">\n\t\t\t\t\t\t<div class=\"elementor-container elementor-column-gap-no\">\n\t\t\t\t\t<div class=\"elementor-column elementor-col-50 elementor-inner-column elementor-element elementor-element-22e952ef\" data-id=\"22e952ef\" data-element_type=\"column\">\n\t\t\t<div class=\"elementor-widget-wrap\">\n\t\t\t\t\t\t\t<\/div>\n\t\t<\/div>\n\t\t\t\t<div class=\"elementor-column elementor-col-50 elementor-inner-column elementor-element elementor-element-7e08c110\" data-id=\"7e08c110\" data-element_type=\"column\">\n\t\t\t<div class=\"elementor-widget-wrap\">\n\t\t\t\t\t\t\t<\/div>\n\t\t<\/div>\n\t\t\t\t\t<\/div>\n\t\t<\/section>\n\t\t\t\t\t<\/div>\n\t\t<\/div>\n\t\t\t\t<div class=\"elementor-column elementor-col-50 elementor-top-column elementor-element elementor-element-8e8132b elementor-invisible\" data-id=\"8e8132b\" data-element_type=\"column\" data-settings=\"{&quot;animation&quot;:&quot;fadeInUp&quot;}\">\n\t\t\t<div class=\"elementor-widget-wrap elementor-element-populated\">\n\t\t\t\t\t\t<div class=\"elementor-element elementor-element-510d8a82 elementor-widget elementor-widget-heading\" data-id=\"510d8a82\" data-element_type=\"widget\" data-widget_type=\"heading.default\">\n\t\t\t\t<div class=\"elementor-widget-container\">\n\t\t\t\t\t<h2 class=\"elementor-heading-title elementor-size-default\">Sobre m\u00ed<\/h2>\t\t\t\t<\/div>\n\t\t\t\t<\/div>\n\t\t\t\t<div class=\"elementor-element elementor-element-43b0440d elementor-widget elementor-widget-text-editor\" data-id=\"43b0440d\" data-element_type=\"widget\" data-widget_type=\"text-editor.default\">\n\t\t\t\t<div class=\"elementor-widget-container\">\n\t\t\t\t\t\t\t\t\t<p>Me llamo<strong> Jet\u00a0<\/strong><strong style=\"font-size: inherit; text-align: inherit; background-color: var( --e-global-color-1c9abb2 ); letter-spacing: -0.015em;\">van der Heijden<\/strong><span style=\"font-size: inherit; text-align: inherit; background-color: var( --e-global-color-1c9abb2 ); letter-spacing: -0.015em;\">. Siempre he sentido mucha curiosidad en conocer el mundo y sus diferentes culturas, por lo cual he viajado y aprend\u00ed hablar idiomas. Soy una persona independiente, me gusta seguir mi intuici\u00f3n y actuar desde el coraz\u00f3n. <\/span><strong style=\"font-size: inherit; text-align: inherit; background-color: var( --e-global-color-1c9abb2 ); letter-spacing: -0.015em;\">Mi pasi\u00f3n es crear y conectar a la gente.<\/strong><\/p><p>Llevaba una vida bien alegre y despreocupada como gu\u00eda tur\u00edstica, pero llegando a los 38 a\u00f1os, sent\u00ed un gran vac\u00edo, so\u00f1ando cada noche con ser mam\u00e1. Ese sue\u00f1o me fue concedido a los 40 a\u00f1os dando luz a Robin. Mi coraz\u00f3n se desbord\u00f3 de amor y gratitud. Pero Robin se convirti\u00f3 en un angelito a los 3 meses. Mi vida se transform\u00f3. Mi proceso de duelo fue muy profundo, pero emocional y espiritualmente fue un crecimiento muy positivo.<\/p><p>La creaci\u00f3n de <strong>Adi\u00f3s con Amor<\/strong>, naci\u00f3 de mi misi\u00f3n de ayudar a otros en su p\u00e9rdida. He aprendido que creando una digna despedida proporciona mucho consuelo en el duelo.<\/p>\t\t\t\t\t\t\t\t<\/div>\n\t\t\t\t<\/div>\n\t\t\t\t\t<\/div>\n\t\t<\/div>\n\t\t\t\t\t<\/div>\n\t\t<\/section>\n\t\t\t\t<section class=\"elementor-section elementor-top-section elementor-element elementor-element-61bdbd7 elementor-section-boxed elementor-section-height-default elementor-section-height-default wpr-particle-no wpr-jarallax-no wpr-parallax-no wpr-sticky-section-no\" data-id=\"61bdbd7\" data-element_type=\"section\" data-settings=\"{&quot;background_background&quot;:&quot;classic&quot;}\">\n\t\t\t\t\t\t\t<div class=\"elementor-background-overlay\"><\/div>\n\t\t\t\t\t\t\t<div class=\"elementor-container elementor-column-gap-default\">\n\t\t\t\t\t<div class=\"elementor-column elementor-col-50 elementor-top-column elementor-element elementor-element-0c34cfb elementor-hidden-phone elementor-hidden-tablet\" data-id=\"0c34cfb\" data-element_type=\"column\">\n\t\t\t<div class=\"elementor-widget-wrap\">\n\t\t\t\t\t\t\t<\/div>\n\t\t<\/div>\n\t\t\t\t<div class=\"elementor-column elementor-col-50 elementor-top-column elementor-element elementor-element-132794f elementor-invisible\" data-id=\"132794f\" data-element_type=\"column\" data-settings=\"{&quot;animation&quot;:&quot;fadeInRight&quot;}\">\n\t\t\t<div class=\"elementor-widget-wrap elementor-element-populated\">\n\t\t\t\t\t\t<div class=\"elementor-element elementor-element-fe1ef55 elementor-align-justify elementor-widget elementor-widget-button\" data-id=\"fe1ef55\" data-element_type=\"widget\" data-widget_type=\"button.default\">\n\t\t\t\t<div class=\"elementor-widget-container\">\n\t\t\t\t\t\t\t\t\t<div class=\"elementor-button-wrapper\">\n\t\t\t\t\t<a class=\"elementor-button elementor-button-link elementor-size-sm\" href=\"https:\/\/adiosconamor.old.sebitec.net\/es\/testimonios\/\">\n\t\t\t\t\t\t<span class=\"elementor-button-content-wrapper\">\n\t\t\t\t\t\t\t\t\t<span class=\"elementor-button-text\">ver los testimonios<\/span>\n\t\t\t\t\t<\/span>\n\t\t\t\t\t<\/a>\n\t\t\t\t<\/div>\n\t\t\t\t\t\t\t\t<\/div>\n\t\t\t\t<\/div>\n\t\t\t\t\t<\/div>\n\t\t<\/div>\n\t\t\t\t\t<\/div>\n\t\t<\/section>\n\t\t\t\t<section class=\"elementor-section elementor-top-section elementor-element elementor-element-64cbb153 elementor-section-boxed elementor-section-height-default elementor-section-height-default wpr-particle-no wpr-jarallax-no wpr-parallax-no wpr-sticky-section-no\" data-id=\"64cbb153\" data-element_type=\"section\">\n\t\t\t\t\t\t<div class=\"elementor-container elementor-column-gap-default\">\n\t\t\t\t\t<div class=\"elementor-column elementor-col-100 elementor-top-column elementor-element elementor-element-1e5c581b elementor-invisible\" data-id=\"1e5c581b\" data-element_type=\"column\" data-settings=\"{&quot;animation&quot;:&quot;fadeInUp&quot;}\">\n\t\t\t<div class=\"elementor-widget-wrap elementor-element-populated\">\n\t\t\t\t\t\t<section class=\"elementor-section elementor-inner-section elementor-element elementor-element-50bb3666 elementor-section-boxed elementor-section-height-default elementor-section-height-default wpr-particle-no wpr-jarallax-no wpr-parallax-no wpr-sticky-section-no\" data-id=\"50bb3666\" data-element_type=\"section\">\n\t\t\t\t\t\t<div class=\"elementor-container elementor-column-gap-default\">\n\t\t\t\t\t<div class=\"elementor-column elementor-col-50 elementor-inner-column elementor-element elementor-element-1ce35791\" data-id=\"1ce35791\" data-element_type=\"column\">\n\t\t\t<div class=\"elementor-widget-wrap elementor-element-populated\">\n\t\t\t\t\t\t<div class=\"elementor-element elementor-element-3a1a3f7c elementor-widget elementor-widget-heading\" data-id=\"3a1a3f7c\" data-element_type=\"widget\" data-widget_type=\"heading.default\">\n\t\t\t\t<div class=\"elementor-widget-container\">\n\t\t\t\t\t<h5 class=\"elementor-heading-title elementor-size-default\">Adi\u00f3s con Amor cuidado funerario<\/h5>\t\t\t\t<\/div>\n\t\t\t\t<\/div>\n\t\t\t\t<div class=\"elementor-element elementor-element-5a63093f elementor-widget elementor-widget-heading\" data-id=\"5a63093f\" data-element_type=\"widget\" data-widget_type=\"heading.default\">\n\t\t\t\t<div class=\"elementor-widget-container\">\n\t\t\t\t\t<h2 class=\"elementor-heading-title elementor-size-default\">Blog<\/h2>\t\t\t\t<\/div>\n\t\t\t\t<\/div>\n\t\t\t\t\t<\/div>\n\t\t<\/div>\n\t\t\t\t<div class=\"elementor-column elementor-col-50 elementor-inner-column elementor-element elementor-element-44b3acb7\" data-id=\"44b3acb7\" data-element_type=\"column\">\n\t\t\t<div class=\"elementor-widget-wrap elementor-element-populated\">\n\t\t\t\t\t\t<div class=\"elementor-element elementor-element-6e84153 elementor-align-right elementor-widget elementor-widget-button\" data-id=\"6e84153\" data-element_type=\"widget\" data-widget_type=\"button.default\">\n\t\t\t\t<div class=\"elementor-widget-container\">\n\t\t\t\t\t\t\t\t\t<div class=\"elementor-button-wrapper\">\n\t\t\t\t\t<a class=\"elementor-button elementor-button-link elementor-size-sm\" href=\"https:\/\/adiosconamor.old.sebitec.net\/es\/blog\/\">\n\t\t\t\t\t\t<span class=\"elementor-button-content-wrapper\">\n\t\t\t\t\t\t\t\t\t<span class=\"elementor-button-text\">Ver todo<\/span>\n\t\t\t\t\t<\/span>\n\t\t\t\t\t<\/a>\n\t\t\t\t<\/div>\n\t\t\t\t\t\t\t\t<\/div>\n\t\t\t\t<\/div>\n\t\t\t\t\t<\/div>\n\t\t<\/div>\n\t\t\t\t\t<\/div>\n\t\t<\/section>\n\t\t\t\t<section class=\"elementor-section elementor-inner-section elementor-element elementor-element-3a4833a3 elementor-reverse-tablet elementor-reverse-mobile elementor-section-boxed elementor-section-height-default elementor-section-height-default wpr-particle-no wpr-jarallax-no wpr-parallax-no wpr-sticky-section-no\" data-id=\"3a4833a3\" data-element_type=\"section\">\n\t\t\t\t\t\t<div class=\"elementor-container elementor-column-gap-default\">\n\t\t\t\t\t<div class=\"elementor-column elementor-col-100 elementor-inner-column elementor-element elementor-element-3793a0f9\" data-id=\"3793a0f9\" data-element_type=\"column\">\n\t\t\t<div class=\"elementor-widget-wrap\">\n\t\t\t\t\t\t\t<\/div>\n\t\t<\/div>\n\t\t\t\t\t<\/div>\n\t\t<\/section>\n\t\t\t\t\t<\/div>\n\t\t<\/div>\n\t\t\t\t\t<\/div>\n\t\t<\/section>\n\t\t\t\t<\/div>\n\t\t","protected":false},"excerpt":{"rendered":"<p>Adi\u00f3s con Amor Despedirse desde el coraz\u00f3n La forma de despedirte de tu ser querido en el momento de fallecer y c\u00f3mo vivir el funeral lo es todo para procesar la p\u00e9rdida. Con empat\u00eda y calidez te guiar\u00e9 hasta que la despedida y la ceremonia sean totalmente a tu gusto y honrando a tu ser querido. Te estimulo en que hagas todo lo posible, desde tu coraz\u00f3n, y estando a tu lado te ofrezco ideas si lo necesites. Sobre m\u00ed La Despedida Mientras escucho atentamente tus historias y recuerdos, observo lo no dicho y juntos vamos creando una ceremonia \u00fanica totalmente a medida. Si te atreves a elegir un nuevo camino, hay muchas m\u00e1s posibilidades de lo que crees. Te acompa\u00f1ar\u00e9 en esto y te mostrar\u00e9 que un adi\u00f3s puede ser muy c\u00e1lido, dejando un recuerdo memorable. El entierro\/la incineraci\u00f3n puede tener lugar a partir de 24 horas tras el fallecimiento y hasta el quinto d\u00eda. Si te gusta mi enfoque, y quieres hablar de tus deseos, concertamos una visita a domicilio y hablamos. Contacto Sobre m\u00ed Me llamo Jet\u00a0van der Heijden. Siempre he sentido mucha curiosidad en conocer el mundo y sus diferentes culturas, por lo cual he viajado y aprend\u00ed hablar idiomas. Soy una persona independiente, me gusta seguir mi intuici\u00f3n y actuar desde el coraz\u00f3n. Mi pasi\u00f3n es crear y conectar a la gente. Llevaba una vida bien alegre y despreocupada como gu\u00eda tur\u00edstica, pero llegando a los 38 a\u00f1os, sent\u00ed un gran vac\u00edo, so\u00f1ando cada noche con ser mam\u00e1. Ese sue\u00f1o me fue concedido a los 40 a\u00f1os dando luz a Robin. Mi coraz\u00f3n se desbord\u00f3 de amor y gratitud. Pero Robin se convirti\u00f3 en un angelito a los 3 meses. Mi vida se transform\u00f3. Mi proceso de duelo fue muy profundo, pero emocional y espiritualmente fue un crecimiento muy positivo. La creaci\u00f3n de Adi\u00f3s con Amor, naci\u00f3 de mi misi\u00f3n de ayudar a otros en su p\u00e9rdida. He aprendido que creando una digna despedida proporciona mucho consuelo en el duelo. ver los testimonios Adi\u00f3s con Amor cuidado funerario Blog Ver todo<\/p>\n","protected":false},"author":1,"featured_media":0,"parent":0,"menu_order":0,"comment_status":"closed","ping_status":"closed","template":"elementor_header_footer","meta":{"om_disable_all_campaigns":false,"_monsterinsights_skip_tracking":false,"_monsterinsights_sitenote_active":false,"_monsterinsights_sitenote_note":"","_monsterinsights_sitenote_category":0,"_uf_show_specific_survey":0,"_uf_disable_surveys":false,"footnotes":""},"class_list":["post-1653","page","type-page","status-publish","hentry"],"aioseo_notices":[],"_links":{"self":[{"href":"https:\/\/adiosconamor.old.sebitec.net\/es\/wp-json\/wp\/v2\/pages\/1653","targetHints":{"allow":["GET"]}}],"collection":[{"href":"https:\/\/adiosconamor.old.sebitec.net\/es\/wp-json\/wp\/v2\/pages"}],"about":[{"href":"https:\/\/adiosconamor.old.sebitec.net\/es\/wp-json\/wp\/v2\/types\/page"}],"author":[{"embeddable":true,"href":"https:\/\/adiosconamor.old.sebitec.net\/es\/wp-json\/wp\/v2\/users\/1"}],"replies":[{"embeddable":true,"href":"https:\/\/adiosconamor.old.sebitec.net\/es\/wp-json\/wp\/v2\/comments?post=1653"}],"version-history":[{"count":12,"href":"https:\/\/adiosconamor.old.sebitec.net\/es\/wp-json\/wp\/v2\/pages\/1653\/revisions"}],"predecessor-version":[{"id":2756,"href":"https:\/\/adiosconamor.old.sebitec.net\/es\/wp-json\/wp\/v2\/pages\/1653\/revisions\/2756"}],"wp:attachment":[{"href":"https:\/\/adiosconamor.old.sebitec.net\/es\/wp-json\/wp\/v2\/media?parent=1653"}],"curies":[{"name":"wp","href":"https:\/\/api.w.org\/{rel}","templated":true}]}}