{"id":1513,"date":"2023-02-07T08:53:36","date_gmt":"2023-02-07T07:53:36","guid":{"rendered":"https:\/\/adiosconamor.com\/voorgesprek\/"},"modified":"2024-02-08T20:55:33","modified_gmt":"2024-02-08T19:55:33","slug":"kostenrahmen","status":"publish","type":"page","link":"https:\/\/adiosconamor.old.sebitec.net\/de\/kostenrahmen\/","title":{"rendered":"Kostenrahmen"},"content":{"rendered":"\t\t<div data-elementor-type=\"wp-page\" data-elementor-id=\"1513\" class=\"elementor elementor-1513 elementor-762\" data-elementor-post-type=\"page\">\n\t\t\t\t\t\t<section class=\"elementor-section elementor-top-section elementor-element elementor-element-24f911bb elementor-section-height-min-height elementor-section-boxed elementor-section-height-default elementor-section-items-middle wpr-particle-no wpr-jarallax-no wpr-parallax-no wpr-sticky-section-no\" data-id=\"24f911bb\" data-element_type=\"section\" data-settings=\"{&quot;background_background&quot;:&quot;classic&quot;}\">\n\t\t\t\t\t\t\t<div class=\"elementor-background-overlay\"><\/div>\n\t\t\t\t\t\t\t<div class=\"elementor-container elementor-column-gap-default\">\n\t\t\t\t\t<div class=\"elementor-column elementor-col-50 elementor-top-column elementor-element elementor-element-3b420071 elementor-hidden-tablet elementor-hidden-phone\" data-id=\"3b420071\" data-element_type=\"column\">\n\t\t\t<div class=\"elementor-widget-wrap\">\n\t\t\t\t\t\t\t<\/div>\n\t\t<\/div>\n\t\t\t\t<div class=\"elementor-column elementor-col-50 elementor-top-column elementor-element elementor-element-38e9315a elementor-invisible\" data-id=\"38e9315a\" data-element_type=\"column\" data-settings=\"{&quot;animation&quot;:&quot;fadeInRight&quot;}\">\n\t\t\t<div class=\"elementor-widget-wrap elementor-element-populated\">\n\t\t\t\t\t\t<div class=\"elementor-element elementor-element-2cb37c54 elementor-icon-list--layout-inline elementor-align-right elementor-tablet-align-center elementor-list-item-link-full_width elementor-widget elementor-widget-icon-list\" data-id=\"2cb37c54\" data-element_type=\"widget\" data-widget_type=\"icon-list.default\">\n\t\t\t\t<div class=\"elementor-widget-container\">\n\t\t\t\t\t\t\t<ul class=\"elementor-icon-list-items elementor-inline-items\">\n\t\t\t\t\t\t\t<li class=\"elementor-icon-list-item elementor-inline-item\">\n\t\t\t\t\t\t\t\t\t\t\t<a href=\"https:\/\/adiosconamor.old.sebitec.net\/de\/\">\n\n\t\t\t\t\t\t\t\t\t\t\t<span class=\"elementor-icon-list-text\">Der Abschied<\/span>\n\t\t\t\t\t\t\t\t\t\t\t<\/a>\n\t\t\t\t\t\t\t\t\t<\/li>\n\t\t\t\t\t\t\t\t<li class=\"elementor-icon-list-item elementor-inline-item\">\n\t\t\t\t\t\t\t\t\t\t\t<span class=\"elementor-icon-list-icon\">\n\t\t\t\t\t\t\t<i aria-hidden=\"true\" class=\"fas fa-chevron-right\"><\/i>\t\t\t\t\t\t<\/span>\n\t\t\t\t\t\t\t\t\t\t<span class=\"elementor-icon-list-text\"><\/span>\n\t\t\t\t\t\t\t\t\t<\/li>\n\t\t\t\t\t\t<\/ul>\n\t\t\t\t\t\t<\/div>\n\t\t\t\t<\/div>\n\t\t\t\t\t<\/div>\n\t\t<\/div>\n\t\t\t\t\t<\/div>\n\t\t<\/section>\n\t\t\t\t<section class=\"elementor-section elementor-top-section elementor-element elementor-element-59d07572 elementor-section-boxed elementor-section-height-default elementor-section-height-default wpr-particle-no wpr-jarallax-no wpr-parallax-no wpr-sticky-section-no\" data-id=\"59d07572\" data-element_type=\"section\">\n\t\t\t\t\t\t<div class=\"elementor-container elementor-column-gap-default\">\n\t\t\t\t\t<div class=\"elementor-column elementor-col-100 elementor-top-column elementor-element elementor-element-5ab725d9\" data-id=\"5ab725d9\" data-element_type=\"column\">\n\t\t\t<div class=\"elementor-widget-wrap elementor-element-populated\">\n\t\t\t\t\t\t<section class=\"elementor-section elementor-inner-section elementor-element elementor-element-5fe939fb elementor-section-boxed elementor-section-height-default elementor-section-height-default wpr-particle-no wpr-jarallax-no wpr-parallax-no wpr-sticky-section-no elementor-invisible\" data-id=\"5fe939fb\" data-element_type=\"section\" data-settings=\"{&quot;background_background&quot;:&quot;classic&quot;,&quot;animation&quot;:&quot;fadeInUp&quot;}\">\n\t\t\t\t\t\t\t<div class=\"elementor-background-overlay\"><\/div>\n\t\t\t\t\t\t\t<div class=\"elementor-container elementor-column-gap-no\">\n\t\t\t\t\t<div class=\"elementor-column elementor-col-50 elementor-inner-column elementor-element elementor-element-e2aee5\" data-id=\"e2aee5\" data-element_type=\"column\" data-settings=\"{&quot;background_background&quot;:&quot;classic&quot;}\">\n\t\t\t<div class=\"elementor-widget-wrap elementor-element-populated\">\n\t\t\t\t\t\t<div class=\"elementor-element elementor-element-efbd0a8 elementor-align-justify elementor-widget elementor-widget-button\" data-id=\"efbd0a8\" data-element_type=\"widget\" data-widget_type=\"button.default\">\n\t\t\t\t<div class=\"elementor-widget-container\">\n\t\t\t\t\t\t\t\t\t<div class=\"elementor-button-wrapper\">\n\t\t\t\t\t<a class=\"elementor-button elementor-button-link elementor-size-sm elementor-animation-float\" href=\"https:\/\/adiosconamor.old.sebitec.net\/de\/kontakt\/\">\n\t\t\t\t\t\t<span class=\"elementor-button-content-wrapper\">\n\t\t\t\t\t\t\t\t\t<span class=\"elementor-button-text\">Kontakt<\/span>\n\t\t\t\t\t<\/span>\n\t\t\t\t\t<\/a>\n\t\t\t\t<\/div>\n\t\t\t\t\t\t\t\t<\/div>\n\t\t\t\t<\/div>\n\t\t\t\t\t<\/div>\n\t\t<\/div>\n\t\t\t\t<div class=\"elementor-column elementor-col-50 elementor-inner-column elementor-element elementor-element-6a598321\" data-id=\"6a598321\" data-element_type=\"column\">\n\t\t\t<div class=\"elementor-widget-wrap elementor-element-populated\">\n\t\t\t\t\t\t<div class=\"elementor-element elementor-element-52acccff elementor-widget__width-initial elementor-absolute elementor-widget-tablet__width-initial elementor-widget-mobile__width-inherit elementor-widget elementor-widget-image\" data-id=\"52acccff\" data-element_type=\"widget\" data-settings=\"{&quot;_position&quot;:&quot;absolute&quot;}\" data-widget_type=\"image.default\">\n\t\t\t\t<div class=\"elementor-widget-container\">\n\t\t\t\t\t\t\t\t\t\t\t\t\t\t\t<img fetchpriority=\"high\" decoding=\"async\" width=\"1335\" height=\"2000\" src=\"https:\/\/adiosconamor.com\/wp-content\/uploads\/2023\/02\/field-of-red-poppy-flowers-under-the-sun-.jpg\" class=\"attachment-full size-full wp-image-1201\" alt=\"Field of red poppy flowers under the sun.\" srcset=\"https:\/\/adiosconamor.com\/wp-content\/uploads\/2023\/02\/field-of-red-poppy-flowers-under-the-sun-.jpg 1335w, https:\/\/adiosconamor.com\/wp-content\/uploads\/2023\/02\/field-of-red-poppy-flowers-under-the-sun--200x300.jpg 200w, https:\/\/adiosconamor.com\/wp-content\/uploads\/2023\/02\/field-of-red-poppy-flowers-under-the-sun--684x1024.jpg 684w, https:\/\/adiosconamor.com\/wp-content\/uploads\/2023\/02\/field-of-red-poppy-flowers-under-the-sun--768x1151.jpg 768w, https:\/\/adiosconamor.com\/wp-content\/uploads\/2023\/02\/field-of-red-poppy-flowers-under-the-sun--1025x1536.jpg 1025w, https:\/\/adiosconamor.com\/wp-content\/uploads\/2023\/02\/field-of-red-poppy-flowers-under-the-sun--1200x1798.jpg 1200w\" sizes=\"(max-width: 1335px) 100vw, 1335px\" \/>\t\t\t\t\t\t\t\t\t\t\t\t\t\t\t<\/div>\n\t\t\t\t<\/div>\n\t\t\t\t\t<\/div>\n\t\t<\/div>\n\t\t\t\t\t<\/div>\n\t\t<\/section>\n\t\t\t\t\t<\/div>\n\t\t<\/div>\n\t\t\t\t\t<\/div>\n\t\t<\/section>\n\t\t\t\t<\/div>\n\t\t","protected":false},"excerpt":{"rendered":"<p>Der Abschied Kostenrahmen \u00dcber den eigenen Tod spricht man nicht gerne, aber fr\u00fcher oder sp\u00e4ter wird er unvermeidlich sein. Es wird Sie sicher beruhigen, wenn Sie sich entschlie\u00dfen, \u00fcber Ihre W\u00fcnsche zu sprechen und die damit verbundenen M\u00f6glichkeiten und Kostenrahmungen zu kennen. Es wird Ihren Angeh\u00f6rigen die Gewissheit geben, dass Sie die Verantwortung \u00fcbernommen haben. W\u00e4hrend meines Besuchs Wir werden \u00fcber Ihr Leben und das, was Ihnen wichtig ist, sprechen und dar\u00fcber, wie Ihr Abschied Ihre Essenz und Ihre Leidenschaften widerspiegeln kann. Manchmal ist es gut, wenn Ihr Partner oder Ihre Familie anwesend ist und etwas zu erz\u00e4hlen hat. Bericht und Angabe der Kosten Auf der Grundlage der getroffenen Vereinbarungen erhalten Sie einen Bericht mit Ihren W\u00fcnschen und Angaben zu den Kosten f\u00fcr das Bestattungsinstitut Ihrer Wahl und meine Begleitung.F\u00fcr einen Hausbesuch berechne ich je nach Entfernung ab \u20ac 50,00. Mein letzter Wunsch Mein letzter Wunsch.pdf Kontakt<\/p>\n","protected":false},"author":1,"featured_media":0,"parent":0,"menu_order":0,"comment_status":"closed","ping_status":"closed","template":"elementor_header_footer","meta":{"om_disable_all_campaigns":false,"_monsterinsights_skip_tracking":false,"_monsterinsights_sitenote_active":false,"_monsterinsights_sitenote_note":"","_monsterinsights_sitenote_category":0,"_uf_show_specific_survey":0,"_uf_disable_surveys":false,"footnotes":""},"class_list":["post-1513","page","type-page","status-publish","hentry"],"aioseo_notices":[],"_links":{"self":[{"href":"https:\/\/adiosconamor.old.sebitec.net\/de\/wp-json\/wp\/v2\/pages\/1513","targetHints":{"allow":["GET"]}}],"collection":[{"href":"https:\/\/adiosconamor.old.sebitec.net\/de\/wp-json\/wp\/v2\/pages"}],"about":[{"href":"https:\/\/adiosconamor.old.sebitec.net\/de\/wp-json\/wp\/v2\/types\/page"}],"author":[{"embeddable":true,"href":"https:\/\/adiosconamor.old.sebitec.net\/de\/wp-json\/wp\/v2\/users\/1"}],"replies":[{"embeddable":true,"href":"https:\/\/adiosconamor.old.sebitec.net\/de\/wp-json\/wp\/v2\/comments?post=1513"}],"version-history":[{"count":0,"href":"https:\/\/adiosconamor.old.sebitec.net\/de\/wp-json\/wp\/v2\/pages\/1513\/revisions"}],"wp:attachment":[{"href":"https:\/\/adiosconamor.old.sebitec.net\/de\/wp-json\/wp\/v2\/media?parent=1513"}],"curies":[{"name":"wp","href":"https:\/\/api.w.org\/{rel}","templated":true}]}}