{"id":1500,"date":"2023-02-07T08:51:44","date_gmt":"2023-02-07T07:51:44","guid":{"rendered":"https:\/\/adiosconamor.com\/hoe-kan-ik-je-helpen\/"},"modified":"2025-12-06T06:10:17","modified_gmt":"2025-12-06T05:10:17","slug":"wie-kann-ich-ihnen-helfen","status":"publish","type":"page","link":"https:\/\/adiosconamor.old.sebitec.net\/de\/wie-kann-ich-ihnen-helfen\/","title":{"rendered":"Wie kann ich Ihnen helfen?"},"content":{"rendered":"\t\t<div data-elementor-type=\"wp-page\" data-elementor-id=\"1500\" class=\"elementor elementor-1500 elementor-760\" data-elementor-post-type=\"page\">\n\t\t\t\t\t\t<section class=\"elementor-section elementor-top-section elementor-element elementor-element-26b8600b elementor-section-height-min-height elementor-section-boxed elementor-section-height-default elementor-section-items-middle wpr-particle-no wpr-jarallax-no wpr-parallax-no wpr-sticky-section-no\" data-id=\"26b8600b\" data-element_type=\"section\" data-settings=\"{&quot;background_background&quot;:&quot;classic&quot;}\">\n\t\t\t\t\t\t\t<div class=\"elementor-background-overlay\"><\/div>\n\t\t\t\t\t\t\t<div class=\"elementor-container elementor-column-gap-default\">\n\t\t\t\t\t<div class=\"elementor-column elementor-col-50 elementor-top-column elementor-element elementor-element-66c72a7b elementor-hidden-tablet elementor-hidden-phone\" data-id=\"66c72a7b\" data-element_type=\"column\">\n\t\t\t<div class=\"elementor-widget-wrap\">\n\t\t\t\t\t\t\t<\/div>\n\t\t<\/div>\n\t\t\t\t<div class=\"elementor-column elementor-col-50 elementor-top-column elementor-element elementor-element-43901369 elementor-invisible\" data-id=\"43901369\" data-element_type=\"column\" data-settings=\"{&quot;animation&quot;:&quot;fadeInRight&quot;}\">\n\t\t\t<div class=\"elementor-widget-wrap elementor-element-populated\">\n\t\t\t\t\t\t<div class=\"elementor-element elementor-element-159059e2 elementor-widget elementor-widget-heading\" data-id=\"159059e2\" data-element_type=\"widget\" data-widget_type=\"heading.default\">\n\t\t\t\t<div class=\"elementor-widget-container\">\n\t\t\t\t\t<h1 class=\"elementor-heading-title elementor-size-default\">Wie kann ich Ihnen helfen?<\/h1>\t\t\t\t<\/div>\n\t\t\t\t<\/div>\n\t\t\t\t<div class=\"elementor-element elementor-element-5bed8aa5 elementor-icon-list--layout-inline elementor-align-right elementor-tablet-align-center elementor-list-item-link-full_width elementor-widget elementor-widget-icon-list\" data-id=\"5bed8aa5\" data-element_type=\"widget\" data-widget_type=\"icon-list.default\">\n\t\t\t\t<div class=\"elementor-widget-container\">\n\t\t\t\t\t\t\t<ul class=\"elementor-icon-list-items elementor-inline-items\">\n\t\t\t\t\t\t\t<li class=\"elementor-icon-list-item elementor-inline-item\">\n\t\t\t\t\t\t\t\t\t\t\t<a href=\"https:\/\/adiosconamor.old.sebitec.net\/de\/\">\n\n\t\t\t\t\t\t\t\t\t\t\t<span class=\"elementor-icon-list-text\">Der Abschied<\/span>\n\t\t\t\t\t\t\t\t\t\t\t<\/a>\n\t\t\t\t\t\t\t\t\t<\/li>\n\t\t\t\t\t\t\t\t<li class=\"elementor-icon-list-item elementor-inline-item\">\n\t\t\t\t\t\t\t\t\t\t\t<span class=\"elementor-icon-list-icon\">\n\t\t\t\t\t\t\t<i aria-hidden=\"true\" class=\"fas fa-chevron-right\"><\/i>\t\t\t\t\t\t<\/span>\n\t\t\t\t\t\t\t\t\t\t<span class=\"elementor-icon-list-text\">Wie kann ich Ihnen helfen?<\/span>\n\t\t\t\t\t\t\t\t\t<\/li>\n\t\t\t\t\t\t<\/ul>\n\t\t\t\t\t\t<\/div>\n\t\t\t\t<\/div>\n\t\t\t\t\t<\/div>\n\t\t<\/div>\n\t\t\t\t\t<\/div>\n\t\t<\/section>\n\t\t\t\t<section class=\"elementor-section elementor-top-section elementor-element elementor-element-4e63d94 elementor-section-boxed elementor-section-height-default elementor-section-height-default wpr-particle-no wpr-jarallax-no wpr-parallax-no wpr-sticky-section-no\" data-id=\"4e63d94\" data-element_type=\"section\">\n\t\t\t\t\t\t<div class=\"elementor-container elementor-column-gap-default\">\n\t\t\t\t\t<div class=\"elementor-column elementor-col-100 elementor-top-column elementor-element elementor-element-ceae111\" data-id=\"ceae111\" data-element_type=\"column\">\n\t\t\t<div class=\"elementor-widget-wrap elementor-element-populated\">\n\t\t\t\t\t\t<section class=\"elementor-section elementor-inner-section elementor-element elementor-element-0c03511 elementor-section-boxed elementor-section-height-default elementor-section-height-default wpr-particle-no wpr-jarallax-no wpr-parallax-no wpr-sticky-section-no elementor-invisible\" data-id=\"0c03511\" data-element_type=\"section\" data-settings=\"{&quot;background_background&quot;:&quot;classic&quot;,&quot;animation&quot;:&quot;fadeInUp&quot;}\">\n\t\t\t\t\t\t\t<div class=\"elementor-background-overlay\"><\/div>\n\t\t\t\t\t\t\t<div class=\"elementor-container elementor-column-gap-no\">\n\t\t\t\t\t<div class=\"elementor-column elementor-col-50 elementor-inner-column elementor-element elementor-element-5716192\" data-id=\"5716192\" data-element_type=\"column\" data-settings=\"{&quot;background_background&quot;:&quot;classic&quot;}\">\n\t\t\t<div class=\"elementor-widget-wrap elementor-element-populated\">\n\t\t\t\t\t\t<div class=\"elementor-element elementor-element-1b4cac8 elementor-widget elementor-widget-heading\" data-id=\"1b4cac8\" data-element_type=\"widget\" data-widget_type=\"heading.default\">\n\t\t\t\t<div class=\"elementor-widget-container\">\n\t\t\t\t\t<h5 class=\"elementor-heading-title elementor-size-default\">Der Abschied<\/h5>\t\t\t\t<\/div>\n\t\t\t\t<\/div>\n\t\t\t\t<div class=\"elementor-element elementor-element-e643463 elementor-widget elementor-widget-text-editor\" data-id=\"e643463\" data-element_type=\"widget\" data-widget_type=\"text-editor.default\">\n\t\t\t\t<div class=\"elementor-widget-container\">\n\t\t\t\t\t\t\t\t\t<p>Ich bin 24 Stunden am Tag verf\u00fcgbar, um mich bei einen Sterbefall sofort an den Ort des Todes zu begeben. Der Moment des Todes ist sehr intim und hat eine tiefgreifende Wirkung auf die Angeh\u00f6rigen.<\/p><p>Ich helfe Ihnen, diese Zeit ertr\u00e4glicher, einf\u00fchlsamer und liebevoller zu gestalten. Ich beziehe vor allem Kinder und Enkelkinder, auch kleine Kinder, gerne mit ein. Wir nehmen uns Zeit f\u00fcr die Verabschiedung mit allen Details, um den Abschied von dem, der gegangen ist, zu w\u00fcrdigen. Es ist wichtig, dass ich sofort angerufen werde, auch wenn der Tod in einem Krankenhaus oder Pflegeheim eingetreten ist, wo meine Hilfe sehr wichtig sein kann.<\/p><p>Wenn jemand zu Hause stirbt, bringe ich den Totenschein mit, den der Arzt unterschreibt.<\/p>\t\t\t\t\t\t\t\t<\/div>\n\t\t\t\t<\/div>\n\t\t\t\t\t<\/div>\n\t\t<\/div>\n\t\t\t\t<div class=\"elementor-column elementor-col-50 elementor-inner-column elementor-element elementor-element-3582eb8 elementor-hidden-phone\" data-id=\"3582eb8\" data-element_type=\"column\">\n\t\t\t<div class=\"elementor-widget-wrap elementor-element-populated\">\n\t\t\t\t\t\t<div class=\"elementor-element elementor-element-72fb02a elementor-widget__width-initial elementor-absolute elementor-widget-tablet__width-initial elementor-widget elementor-widget-image\" data-id=\"72fb02a\" data-element_type=\"widget\" data-settings=\"{&quot;_position&quot;:&quot;absolute&quot;}\" data-widget_type=\"image.default\">\n\t\t\t\t<div class=\"elementor-widget-container\">\n\t\t\t\t\t\t\t\t\t\t\t\t\t\t\t<img fetchpriority=\"high\" decoding=\"async\" width=\"900\" height=\"1200\" src=\"https:\/\/adiosconamor.com\/wp-content\/uploads\/2023\/02\/angelitos.jpg\" class=\"attachment-full size-full wp-image-823\" alt=\"\" srcset=\"https:\/\/adiosconamor.com\/wp-content\/uploads\/2023\/02\/angelitos.jpg 900w, https:\/\/adiosconamor.com\/wp-content\/uploads\/2023\/02\/angelitos-225x300.jpg 225w, https:\/\/adiosconamor.com\/wp-content\/uploads\/2023\/02\/angelitos-768x1024.jpg 768w\" sizes=\"(max-width: 900px) 100vw, 900px\" \/>\t\t\t\t\t\t\t\t\t\t\t\t\t\t\t<\/div>\n\t\t\t\t<\/div>\n\t\t\t\t\t<\/div>\n\t\t<\/div>\n\t\t\t\t\t<\/div>\n\t\t<\/section>\n\t\t\t\t\t<\/div>\n\t\t<\/div>\n\t\t\t\t\t<\/div>\n\t\t<\/section>\n\t\t\t\t<section class=\"elementor-section elementor-top-section elementor-element elementor-element-3d46cd7b elementor-reverse-tablet elementor-reverse-mobile elementor-section-boxed elementor-section-height-default elementor-section-height-default wpr-particle-no wpr-jarallax-no wpr-parallax-no wpr-sticky-section-no\" data-id=\"3d46cd7b\" data-element_type=\"section\" data-settings=\"{&quot;background_background&quot;:&quot;classic&quot;}\">\n\t\t\t\t\t\t<div class=\"elementor-container elementor-column-gap-default\">\n\t\t\t\t\t<div class=\"elementor-column elementor-col-50 elementor-top-column elementor-element elementor-element-4c063938 elementor-invisible\" data-id=\"4c063938\" data-element_type=\"column\" data-settings=\"{&quot;animation&quot;:&quot;fadeInLeft&quot;}\">\n\t\t\t<div class=\"elementor-widget-wrap elementor-element-populated\">\n\t\t\t\t\t\t<section class=\"elementor-section elementor-inner-section elementor-element elementor-element-7d45fd3b elementor-reverse-mobile elementor-section-boxed elementor-section-height-default elementor-section-height-default wpr-particle-no wpr-jarallax-no wpr-parallax-no wpr-sticky-section-no\" data-id=\"7d45fd3b\" data-element_type=\"section\" data-settings=\"{&quot;background_background&quot;:&quot;gradient&quot;}\">\n\t\t\t\t\t\t<div class=\"elementor-container elementor-column-gap-default\">\n\t\t\t\t\t<div class=\"elementor-column elementor-col-50 elementor-inner-column elementor-element elementor-element-52bf946b\" data-id=\"52bf946b\" data-element_type=\"column\">\n\t\t\t<div class=\"elementor-widget-wrap elementor-element-populated\">\n\t\t\t\t\t\t<div class=\"elementor-element elementor-element-2684ba4 elementor-widget elementor-widget-image\" data-id=\"2684ba4\" data-element_type=\"widget\" data-widget_type=\"image.default\">\n\t\t\t\t<div class=\"elementor-widget-container\">\n\t\t\t\t\t\t\t\t\t\t\t\t\t\t\t\t<a href=\"\/wp-content\/uploads\/2025\/12\/17-Lichtjesavond.mp4\" target=\"_blank\">\n\t\t\t\t\t\t\t<img decoding=\"async\" width=\"900\" height=\"1200\" src=\"https:\/\/adiosconamor.com\/wp-content\/uploads\/2023\/02\/Noche-de-Luz-2022.4.jpg\" class=\"elementor-animation-sink attachment-full size-full wp-image-825\" alt=\"\" srcset=\"https:\/\/adiosconamor.com\/wp-content\/uploads\/2023\/02\/Noche-de-Luz-2022.4.jpg 900w, https:\/\/adiosconamor.com\/wp-content\/uploads\/2023\/02\/Noche-de-Luz-2022.4-225x300.jpg 225w, https:\/\/adiosconamor.com\/wp-content\/uploads\/2023\/02\/Noche-de-Luz-2022.4-768x1024.jpg 768w\" sizes=\"(max-width: 900px) 100vw, 900px\" \/>\t\t\t\t\t\t\t\t<\/a>\n\t\t\t\t\t\t\t\t\t\t\t\t\t\t\t<\/div>\n\t\t\t\t<\/div>\n\t\t\t\t<div class=\"elementor-element elementor-element-5bd03116 elementor-widget__width-auto elementor-widget elementor-widget-text-editor\" data-id=\"5bd03116\" data-element_type=\"widget\" data-widget_type=\"text-editor.default\">\n\t\t\t\t<div class=\"elementor-widget-container\">\n\t\t\t\t\t\t\t\t\t<p><a href=\"\/wp-content\/uploads\/2025\/12\/14-Lichterabend.mp4\" target=\"_blank\" rel=\"noopener\">Video abspielen<\/a><\/p>\t\t\t\t\t\t\t\t<\/div>\n\t\t\t\t<\/div>\n\t\t\t\t\t<\/div>\n\t\t<\/div>\n\t\t\t\t<div class=\"elementor-column elementor-col-50 elementor-inner-column elementor-element elementor-element-3c0c6bb7\" data-id=\"3c0c6bb7\" data-element_type=\"column\">\n\t\t\t<div class=\"elementor-widget-wrap elementor-element-populated\">\n\t\t\t\t\t\t<div class=\"elementor-element elementor-element-239a86c5 elementor-widget elementor-widget-image\" data-id=\"239a86c5\" data-element_type=\"widget\" data-widget_type=\"image.default\">\n\t\t\t\t<div class=\"elementor-widget-container\">\n\t\t\t\t\t\t\t\t\t\t\t\t\t\t\t<img decoding=\"async\" width=\"1333\" height=\"2000\" src=\"https:\/\/adiosconamor.com\/wp-content\/uploads\/2023\/02\/arrangement-of-flowers-candles-and-green-plants.jpg\" class=\"elementor-animation-float attachment-full size-full wp-image-827\" alt=\"Arrangement of flowers, candles and green plants\" srcset=\"https:\/\/adiosconamor.com\/wp-content\/uploads\/2023\/02\/arrangement-of-flowers-candles-and-green-plants.jpg 1333w, https:\/\/adiosconamor.com\/wp-content\/uploads\/2023\/02\/arrangement-of-flowers-candles-and-green-plants-200x300.jpg 200w, https:\/\/adiosconamor.com\/wp-content\/uploads\/2023\/02\/arrangement-of-flowers-candles-and-green-plants-682x1024.jpg 682w, https:\/\/adiosconamor.com\/wp-content\/uploads\/2023\/02\/arrangement-of-flowers-candles-and-green-plants-768x1152.jpg 768w, https:\/\/adiosconamor.com\/wp-content\/uploads\/2023\/02\/arrangement-of-flowers-candles-and-green-plants-1024x1536.jpg 1024w, https:\/\/adiosconamor.com\/wp-content\/uploads\/2023\/02\/arrangement-of-flowers-candles-and-green-plants-1200x1800.jpg 1200w\" sizes=\"(max-width: 1333px) 100vw, 1333px\" \/>\t\t\t\t\t\t\t\t\t\t\t\t\t\t\t<\/div>\n\t\t\t\t<\/div>\n\t\t\t\t\t<\/div>\n\t\t<\/div>\n\t\t\t\t\t<\/div>\n\t\t<\/section>\n\t\t\t\t\t<\/div>\n\t\t<\/div>\n\t\t\t\t<div class=\"elementor-column elementor-col-50 elementor-top-column elementor-element elementor-element-2dc356c1 elementor-invisible\" data-id=\"2dc356c1\" data-element_type=\"column\" data-settings=\"{&quot;animation&quot;:&quot;fadeInRight&quot;}\">\n\t\t\t<div class=\"elementor-widget-wrap elementor-element-populated\">\n\t\t\t\t\t\t<div class=\"elementor-element elementor-element-bbeac20 elementor-widget elementor-widget-heading\" data-id=\"bbeac20\" data-element_type=\"widget\" data-widget_type=\"heading.default\">\n\t\t\t\t<div class=\"elementor-widget-container\">\n\t\t\t\t\t<h2 class=\"elementor-heading-title elementor-size-default\">Zus\u00e4tzliche Dienstleistungen<\/h2>\t\t\t\t<\/div>\n\t\t\t\t<\/div>\n\t\t\t\t<div class=\"elementor-element elementor-element-5a3fa4d4 elementor-widget elementor-widget-text-editor\" data-id=\"5a3fa4d4\" data-element_type=\"widget\" data-widget_type=\"text-editor.default\">\n\t\t\t\t<div class=\"elementor-widget-container\">\n\t\t\t\t\t\t\t\t\t<p>Eine Live-\u00dcbertragung kann in die Zeremonie integriert werden, mit oder ohne Aufzeichnung. Ich biete Ihnen einen gro\u00dfartigen Ort f\u00fcr eine Aschezeremonie, Catering, Live-Musik, eine weltliche oder religi\u00f6se Zeremonie, Verstreuen der Asche von einem Boot aus oder in den Bergen, Kunst f\u00fcr Asche, Rituale, Portr\u00e4ts in \u00d6l oder Aquarell, usw.<\/p>\t\t\t\t\t\t\t\t<\/div>\n\t\t\t\t<\/div>\n\t\t\t\t<div class=\"elementor-element elementor-element-bc448f7 elementor-align-justify elementor-widget elementor-widget-button\" data-id=\"bc448f7\" data-element_type=\"widget\" data-widget_type=\"button.default\">\n\t\t\t\t<div class=\"elementor-widget-container\">\n\t\t\t\t\t\t\t\t\t<div class=\"elementor-button-wrapper\">\n\t\t\t\t\t<a class=\"elementor-button elementor-size-sm elementor-animation-float\" role=\"button\">\n\t\t\t\t\t\t<span class=\"elementor-button-content-wrapper\">\n\t\t\t\t\t\t\t\t\t<span class=\"elementor-button-text\">Ich kann Ihnen gerne Beispiele, Videos und Ideen zeigen.<\/span>\n\t\t\t\t\t<\/span>\n\t\t\t\t\t<\/a>\n\t\t\t\t<\/div>\n\t\t\t\t\t\t\t\t<\/div>\n\t\t\t\t<\/div>\n\t\t\t\t\t<\/div>\n\t\t<\/div>\n\t\t\t\t\t<\/div>\n\t\t<\/section>\n\t\t\t\t<\/div>\n\t\t","protected":false},"excerpt":{"rendered":"<p>Wie kann ich Ihnen helfen? Der Abschied Wie kann ich Ihnen helfen? Der Abschied Ich bin 24 Stunden am Tag verf\u00fcgbar, um mich bei einen Sterbefall sofort an den Ort des Todes zu begeben. Der Moment des Todes ist sehr intim und hat eine tiefgreifende Wirkung auf die Angeh\u00f6rigen. Ich helfe Ihnen, diese Zeit ertr\u00e4glicher, einf\u00fchlsamer und liebevoller zu gestalten. Ich beziehe vor allem Kinder und Enkelkinder, auch kleine Kinder, gerne mit ein. Wir nehmen uns Zeit f\u00fcr die Verabschiedung mit allen Details, um den Abschied von dem, der gegangen ist, zu w\u00fcrdigen. Es ist wichtig, dass ich sofort angerufen werde, auch wenn der Tod in einem Krankenhaus oder Pflegeheim eingetreten ist, wo meine Hilfe sehr wichtig sein kann. Wenn jemand zu Hause stirbt, bringe ich den Totenschein mit, den der Arzt unterschreibt. Video abspielen Zus\u00e4tzliche Dienstleistungen Eine Live-\u00dcbertragung kann in die Zeremonie integriert werden, mit oder ohne Aufzeichnung. Ich biete Ihnen einen gro\u00dfartigen Ort f\u00fcr eine Aschezeremonie, Catering, Live-Musik, eine weltliche oder religi\u00f6se Zeremonie, Verstreuen der Asche von einem Boot aus oder in den Bergen, Kunst f\u00fcr Asche, Rituale, Portr\u00e4ts in \u00d6l oder Aquarell, usw. Ich kann Ihnen gerne Beispiele, Videos und Ideen zeigen.<\/p>\n","protected":false},"author":1,"featured_media":0,"parent":0,"menu_order":0,"comment_status":"closed","ping_status":"closed","template":"elementor_header_footer","meta":{"om_disable_all_campaigns":false,"_monsterinsights_skip_tracking":false,"_monsterinsights_sitenote_active":false,"_monsterinsights_sitenote_note":"","_monsterinsights_sitenote_category":0,"_uf_show_specific_survey":0,"_uf_disable_surveys":false,"footnotes":""},"class_list":["post-1500","page","type-page","status-publish","hentry"],"aioseo_notices":[],"_links":{"self":[{"href":"https:\/\/adiosconamor.old.sebitec.net\/de\/wp-json\/wp\/v2\/pages\/1500","targetHints":{"allow":["GET"]}}],"collection":[{"href":"https:\/\/adiosconamor.old.sebitec.net\/de\/wp-json\/wp\/v2\/pages"}],"about":[{"href":"https:\/\/adiosconamor.old.sebitec.net\/de\/wp-json\/wp\/v2\/types\/page"}],"author":[{"embeddable":true,"href":"https:\/\/adiosconamor.old.sebitec.net\/de\/wp-json\/wp\/v2\/users\/1"}],"replies":[{"embeddable":true,"href":"https:\/\/adiosconamor.old.sebitec.net\/de\/wp-json\/wp\/v2\/comments?post=1500"}],"version-history":[{"count":6,"href":"https:\/\/adiosconamor.old.sebitec.net\/de\/wp-json\/wp\/v2\/pages\/1500\/revisions"}],"predecessor-version":[{"id":2794,"href":"https:\/\/adiosconamor.old.sebitec.net\/de\/wp-json\/wp\/v2\/pages\/1500\/revisions\/2794"}],"wp:attachment":[{"href":"https:\/\/adiosconamor.old.sebitec.net\/de\/wp-json\/wp\/v2\/media?parent=1500"}],"curies":[{"name":"wp","href":"https:\/\/api.w.org\/{rel}","templated":true}]}}